{"id":2532,"date":"2025-11-21T14:39:52","date_gmt":"2025-11-21T12:39:52","guid":{"rendered":"https:\/\/casino-site-amp-141.website\/?page_id=2532"},"modified":"2025-11-21T14:40:42","modified_gmt":"2025-11-21T12:40:42","slug":"mesuliyyetli-oyun","status":"publish","type":"page","link":"https:\/\/casino-site-amp-141.website\/mesuliyyetli-oyun\/","title":{"rendered":"M\u0259suliyy\u0259tli oyun"},"content":{"rendered":"<h1>M\u0259suliyy\u0259tli oyun<\/h1>\n<p>M\u0259suliyy\u0259tli oyun onlayn kazino m\u00fchitind\u0259 istifad\u0259\u00e7inin davran\u0131\u015f\u0131n\u0131 t\u0259nziml\u0259y\u0259n, t\u0259hl\u00fck\u0259siz v\u0259 balansl\u0131 \u0259yl\u0259nc\u0259 t\u0259min ed\u0259n \u0259sas yana\u015fmad\u0131r. Onlayn kazino dinamikas\u0131 emosional q\u0259rarlar\u0131 g\u00fccl\u0259ndir\u0259, impulsiv davran\u0131\u015fa s\u0259b\u0259b ola v\u0259 maliyy\u0259 intizam\u0131n\u0131 poza bil\u0259r. Buna g\u00f6r\u0259 m\u0259suliyy\u0259tli oyun prinsipl\u0259rin\u0259 \u0259m\u0259l etm\u0259k h\u0259m t\u0259hl\u00fck\u0259sizlik, h\u0259m d\u0259 psixoloji rahatl\u0131q \u00fc\u00e7\u00fcn m\u00fctl\u0259qdir.<\/p>\n<p>Oyun yaln\u0131z \u0259yl\u0259nc\u0259 m\u0259qs\u0259di da\u015f\u0131mal\u0131d\u0131r. M\u0259suliyy\u0259tli yana\u015fma, vaxt\u0131n d\u00fczg\u00fcn b\u00f6l\u00fcnm\u0259si, x\u0259rcl\u0259rin n\u0259zar\u0259td\u0259 saxlanmas\u0131 v\u0259 emosional v\u0259ziyy\u0259tin izl\u0259nm\u0259si il\u0259 formala\u015f\u0131r. Bu yana\u015fma oyun prosesinin g\u00fcnd\u0259lik h\u0259yat, i\u015f qrafiki v\u0259 \u015f\u0259xsi m\u00fcnasib\u0259tl\u0259r\u0259 m\u0259nfi t\u0259sir etm\u0259sinin qar\u015f\u0131s\u0131n\u0131 al\u0131r.<\/p>\n<h2>\u018fsas m\u0259suliyy\u0259tli oyun qaydalar\u0131<\/h2>\n<ul>\n<li>vaxt limitl\u0259ri t\u0259yin etm\u0259k<\/li>\n<li>uzun fasil\u0259siz sessiyalardan qa\u00e7maq<\/li>\n<li>emosional v\u0259ziyy\u0259ti izl\u0259m\u0259k<\/li>\n<li>x\u0259rcl\u0259ri planl\u0131 \u015f\u0259kild\u0259 b\u00f6lm\u0259k<\/li>\n<li>impulsiv q\u0259rarlardan uzaq durmaq<\/li>\n<li>t\u0259hl\u00fck\u0259siz r\u0259q\u0259msal xidm\u0259tl\u0259rd\u0259n istifad\u0259 etm\u0259k<\/li>\n<li>oyun davran\u0131\u015f\u0131n\u0131 m\u00fct\u0259madi t\u0259hlil etm\u0259k<\/li>\n<\/ul>\n<h2>Vaxt\u0131n idar\u0259 edilm\u0259si<\/h2>\n<p>Vaxt\u0131n d\u00fczg\u00fcn b\u00f6l\u00fcnm\u0259si oyun prosesinin n\u0259zar\u0259td\u0259 qalmas\u0131n\u0131 t\u0259min edir. Uzun sessiyalar diqq\u0259ti z\u0259ifl\u0259d\u0259, maliyy\u0259 itkil\u0259rin\u0259 s\u0259b\u0259b ola v\u0259 emosional y\u00fckl\u0259nm\u0259 yarada bil\u0259r. Buna g\u00f6r\u0259:<\/p>\n<ul>\n<li>h\u0259r sessiya \u00fc\u00e7\u00fcn maksimum m\u00fcdd\u0259t qoymaq<\/li>\n<li>30\u201340 d\u0259qiq\u0259lik fasil\u0259l\u0259r verm\u0259k<\/li>\n<li>oyunun g\u00fcnd\u0259lik rejim\u0259 t\u0259sirini izl\u0259m\u0259k<\/li>\n<li>planl\u0131 oyun strategiyas\u0131 qurmaq t\u00f6vsiy\u0259 olunur<\/li>\n<\/ul>\n<h2>Maliyy\u0259 m\u0259suliyy\u0259ti<\/h2>\n<p>Kazino m\u00fchiti emosional q\u0259rarlara meyilli ola bil\u0259r. Buna g\u00f6r\u0259:<\/p>\n<ul>\n<li>b\u00fcdc\u0259 s\u0259rh\u0259dl\u0259ri m\u00fc\u0259yy\u0259n edilm\u0259lidir<\/li>\n<li>impulsiv \u00f6d\u0259ni\u015fl\u0259rd\u0259n qa\u00e7\u0131n\u0131lmal\u0131d\u0131r<\/li>\n<li>\u0259m\u0259liyyat tarix\u00e7\u0259si n\u0259zar\u0259td\u0259 saxlanmal\u0131d\u0131r<\/li>\n<li>yaln\u0131z \u015f\u0259xsi imkanlara uy\u011fun m\u0259bl\u0259\u011f x\u0259rcl\u0259nm\u0259lidir<\/li>\n<\/ul>\n<h2>D\u0259st\u0259k xidm\u0259ti<\/h2>\n<p>Texniki \u00e7\u0259tinlikl\u0259r v\u0259 ya suallar yarand\u0131qda d\u0259st\u0259k komandas\u0131 il\u0259 \u0259laq\u0259 saxlamaq m\u00fcmk\u00fcnd\u00fcr.<\/p>\n","protected":false},"excerpt":{"rendered":"<p>M\u0259suliyy\u0259tli oyun M\u0259suliyy\u0259tli oyun onlayn kazino m\u00fchitind\u0259 istifad\u0259\u00e7inin davran\u0131\u015f\u0131n\u0131 t\u0259nziml\u0259y\u0259n, t\u0259hl\u00fck\u0259siz v\u0259 balansl\u0131 \u0259yl\u0259nc\u0259 t\u0259min ed\u0259n \u0259sas yana\u015fmad\u0131r. Onlayn kazino dinamikas\u0131 emosional q\u0259rarlar\u0131 g\u00fccl\u0259ndir\u0259, impulsiv davran\u0131\u015fa s\u0259b\u0259b ola v\u0259 maliyy\u0259 intizam\u0131n\u0131 poza bil\u0259r. Buna g\u00f6r\u0259 m\u0259suliyy\u0259tli oyun prinsipl\u0259rin\u0259 \u0259m\u0259l etm\u0259k h\u0259m t\u0259hl\u00fck\u0259sizlik, h\u0259m d\u0259 psixoloji rahatl\u0131q \u00fc\u00e7\u00fcn m\u00fctl\u0259qdir. Oyun yaln\u0131z \u0259yl\u0259nc\u0259 m\u0259qs\u0259di da\u015f\u0131mal\u0131d\u0131r. M\u0259suliyy\u0259tli yana\u015fma, [&hellip;]<\/p>\n","protected":false},"author":1,"featured_media":0,"parent":0,"menu_order":0,"comment_status":"closed","ping_status":"closed","template":"","meta":{"_acf_changed":false,"footnotes":""},"class_list":["post-2532","page","type-page","status-publish","hentry"],"acf":[],"yoast_head":"<!-- This site is optimized with the Yoast SEO plugin v27.3 - https:\/\/yoast.com\/product\/yoast-seo-wordpress\/ -->\n<title>M\u0259suliyy\u0259tli oyun \u2013 t\u0259hl\u00fck\u0259siz v\u0259 balansl\u0131 r\u0259q\u0259msal kazino davran\u0131\u015f\u0131<\/title>\n<meta name=\"description\" content=\"Sa\u011flam oyun v\u0259rdi\u015fl\u0259ri, vaxt v\u0259 b\u00fcdc\u0259 n\u0259zar\u0259ti, emosional balans v\u0259 t\u0259hl\u00fck\u0259siz r\u0259q\u0259msal kazino t\u0259cr\u00fcb\u0259si \u00fc\u00e7\u00fcn \u0259sas m\u0259suliyy\u0259tli oyun prinsipl\u0259ri\" \/>\n<meta name=\"robots\" content=\"index, follow, max-snippet:-1, max-image-preview:large, max-video-preview:-1\" \/>\n<link rel=\"canonical\" href=\"https:\/\/casino-site-amp-141.website\/mesuliyyetli-oyun\/\" \/>\n<meta property=\"og:locale\" content=\"ru_RU\" \/>\n<meta property=\"og:type\" content=\"article\" \/>\n<meta property=\"og:title\" content=\"M\u0259suliyy\u0259tli oyun \u2013 t\u0259hl\u00fck\u0259siz v\u0259 balansl\u0131 r\u0259q\u0259msal kazino davran\u0131\u015f\u0131\" \/>\n<meta property=\"og:description\" content=\"Sa\u011flam oyun v\u0259rdi\u015fl\u0259ri, vaxt v\u0259 b\u00fcdc\u0259 n\u0259zar\u0259ti, emosional balans v\u0259 t\u0259hl\u00fck\u0259siz r\u0259q\u0259msal kazino t\u0259cr\u00fcb\u0259si \u00fc\u00e7\u00fcn \u0259sas m\u0259suliyy\u0259tli oyun prinsipl\u0259ri\" \/>\n<meta property=\"og:url\" content=\"https:\/\/casino-site-amp-141.website\/mesuliyyetli-oyun\/\" \/>\n<meta property=\"og:site_name\" content=\"casino-site-amp-141.website\" \/>\n<meta property=\"article:modified_time\" content=\"2025-11-21T12:40:42+00:00\" \/>\n<meta name=\"twitter:card\" content=\"summary_large_image\" \/>\n<meta name=\"twitter:label1\" content=\"\u041f\u0440\u0438\u043c\u0435\u0440\u043d\u043e\u0435 \u0432\u0440\u0435\u043c\u044f \u0434\u043b\u044f \u0447\u0442\u0435\u043d\u0438\u044f\" \/>\n\t<meta name=\"twitter:data1\" content=\"2 \u043c\u0438\u043d\u0443\u0442\u044b\" \/>\n<script type=\"application\/ld+json\" class=\"yoast-schema-graph\">{\"@context\":\"https:\\\/\\\/schema.org\",\"@graph\":[{\"@type\":\"WebPage\",\"@id\":\"https:\\\/\\\/casino-site-amp-141.website\\\/mesuliyyetli-oyun\\\/\",\"url\":\"https:\\\/\\\/casino-site-amp-141.website\\\/mesuliyyetli-oyun\\\/\",\"name\":\"M\u0259suliyy\u0259tli oyun \u2013 t\u0259hl\u00fck\u0259siz v\u0259 balansl\u0131 r\u0259q\u0259msal kazino davran\u0131\u015f\u0131\",\"isPartOf\":{\"@id\":\"https:\\\/\\\/casino-site-amp-141.website\\\/#website\"},\"datePublished\":\"2025-11-21T12:39:52+00:00\",\"dateModified\":\"2025-11-21T12:40:42+00:00\",\"description\":\"Sa\u011flam oyun v\u0259rdi\u015fl\u0259ri, vaxt v\u0259 b\u00fcdc\u0259 n\u0259zar\u0259ti, emosional balans v\u0259 t\u0259hl\u00fck\u0259siz r\u0259q\u0259msal kazino t\u0259cr\u00fcb\u0259si \u00fc\u00e7\u00fcn \u0259sas m\u0259suliyy\u0259tli oyun prinsipl\u0259ri\",\"breadcrumb\":{\"@id\":\"https:\\\/\\\/casino-site-amp-141.website\\\/mesuliyyetli-oyun\\\/#breadcrumb\"},\"inLanguage\":\"ru-RU\",\"potentialAction\":[{\"@type\":\"ReadAction\",\"target\":[\"https:\\\/\\\/casino-site-amp-141.website\\\/mesuliyyetli-oyun\\\/\"]}]},{\"@type\":\"BreadcrumbList\",\"@id\":\"https:\\\/\\\/casino-site-amp-141.website\\\/mesuliyyetli-oyun\\\/#breadcrumb\",\"itemListElement\":[{\"@type\":\"ListItem\",\"position\":1,\"name\":\"\u0413\u043b\u0430\u0432\u043d\u0430\u044f \u0441\u0442\u0440\u0430\u043d\u0438\u0446\u0430\",\"item\":\"https:\\\/\\\/casino-site-amp-141.website\\\/\"},{\"@type\":\"ListItem\",\"position\":2,\"name\":\"M\u0259suliyy\u0259tli oyun\"}]},{\"@type\":\"WebSite\",\"@id\":\"https:\\\/\\\/casino-site-amp-141.website\\\/#website\",\"url\":\"https:\\\/\\\/casino-site-amp-141.website\\\/\",\"name\":\"casino-site-amp-141.website\",\"description\":\"\",\"potentialAction\":[{\"@type\":\"SearchAction\",\"target\":{\"@type\":\"EntryPoint\",\"urlTemplate\":\"https:\\\/\\\/casino-site-amp-141.website\\\/?s={search_term_string}\"},\"query-input\":{\"@type\":\"PropertyValueSpecification\",\"valueRequired\":true,\"valueName\":\"search_term_string\"}}],\"inLanguage\":\"ru-RU\"}]}<\/script>\n<!-- \/ Yoast SEO plugin. -->","yoast_head_json":{"title":"M\u0259suliyy\u0259tli oyun \u2013 t\u0259hl\u00fck\u0259siz v\u0259 balansl\u0131 r\u0259q\u0259msal kazino davran\u0131\u015f\u0131","description":"Sa\u011flam oyun v\u0259rdi\u015fl\u0259ri, vaxt v\u0259 b\u00fcdc\u0259 n\u0259zar\u0259ti, emosional balans v\u0259 t\u0259hl\u00fck\u0259siz r\u0259q\u0259msal kazino t\u0259cr\u00fcb\u0259si \u00fc\u00e7\u00fcn \u0259sas m\u0259suliyy\u0259tli oyun prinsipl\u0259ri","robots":{"index":"index","follow":"follow","max-snippet":"max-snippet:-1","max-image-preview":"max-image-preview:large","max-video-preview":"max-video-preview:-1"},"canonical":"https:\/\/casino-site-amp-141.website\/mesuliyyetli-oyun\/","og_locale":"ru_RU","og_type":"article","og_title":"M\u0259suliyy\u0259tli oyun \u2013 t\u0259hl\u00fck\u0259siz v\u0259 balansl\u0131 r\u0259q\u0259msal kazino davran\u0131\u015f\u0131","og_description":"Sa\u011flam oyun v\u0259rdi\u015fl\u0259ri, vaxt v\u0259 b\u00fcdc\u0259 n\u0259zar\u0259ti, emosional balans v\u0259 t\u0259hl\u00fck\u0259siz r\u0259q\u0259msal kazino t\u0259cr\u00fcb\u0259si \u00fc\u00e7\u00fcn \u0259sas m\u0259suliyy\u0259tli oyun prinsipl\u0259ri","og_url":"https:\/\/casino-site-amp-141.website\/mesuliyyetli-oyun\/","og_site_name":"casino-site-amp-141.website","article_modified_time":"2025-11-21T12:40:42+00:00","twitter_card":"summary_large_image","twitter_misc":{"\u041f\u0440\u0438\u043c\u0435\u0440\u043d\u043e\u0435 \u0432\u0440\u0435\u043c\u044f \u0434\u043b\u044f \u0447\u0442\u0435\u043d\u0438\u044f":"2 \u043c\u0438\u043d\u0443\u0442\u044b"},"schema":{"@context":"https:\/\/schema.org","@graph":[{"@type":"WebPage","@id":"https:\/\/casino-site-amp-141.website\/mesuliyyetli-oyun\/","url":"https:\/\/casino-site-amp-141.website\/mesuliyyetli-oyun\/","name":"M\u0259suliyy\u0259tli oyun \u2013 t\u0259hl\u00fck\u0259siz v\u0259 balansl\u0131 r\u0259q\u0259msal kazino davran\u0131\u015f\u0131","isPartOf":{"@id":"https:\/\/casino-site-amp-141.website\/#website"},"datePublished":"2025-11-21T12:39:52+00:00","dateModified":"2025-11-21T12:40:42+00:00","description":"Sa\u011flam oyun v\u0259rdi\u015fl\u0259ri, vaxt v\u0259 b\u00fcdc\u0259 n\u0259zar\u0259ti, emosional balans v\u0259 t\u0259hl\u00fck\u0259siz r\u0259q\u0259msal kazino t\u0259cr\u00fcb\u0259si \u00fc\u00e7\u00fcn \u0259sas m\u0259suliyy\u0259tli oyun prinsipl\u0259ri","breadcrumb":{"@id":"https:\/\/casino-site-amp-141.website\/mesuliyyetli-oyun\/#breadcrumb"},"inLanguage":"ru-RU","potentialAction":[{"@type":"ReadAction","target":["https:\/\/casino-site-amp-141.website\/mesuliyyetli-oyun\/"]}]},{"@type":"BreadcrumbList","@id":"https:\/\/casino-site-amp-141.website\/mesuliyyetli-oyun\/#breadcrumb","itemListElement":[{"@type":"ListItem","position":1,"name":"\u0413\u043b\u0430\u0432\u043d\u0430\u044f \u0441\u0442\u0440\u0430\u043d\u0438\u0446\u0430","item":"https:\/\/casino-site-amp-141.website\/"},{"@type":"ListItem","position":2,"name":"M\u0259suliyy\u0259tli oyun"}]},{"@type":"WebSite","@id":"https:\/\/casino-site-amp-141.website\/#website","url":"https:\/\/casino-site-amp-141.website\/","name":"casino-site-amp-141.website","description":"","potentialAction":[{"@type":"SearchAction","target":{"@type":"EntryPoint","urlTemplate":"https:\/\/casino-site-amp-141.website\/?s={search_term_string}"},"query-input":{"@type":"PropertyValueSpecification","valueRequired":true,"valueName":"search_term_string"}}],"inLanguage":"ru-RU"}]}},"amp_enabled":true,"_links":{"self":[{"href":"https:\/\/casino-site-amp-141.website\/wp-json\/wp\/v2\/pages\/2532","targetHints":{"allow":["GET"]}}],"collection":[{"href":"https:\/\/casino-site-amp-141.website\/wp-json\/wp\/v2\/pages"}],"about":[{"href":"https:\/\/casino-site-amp-141.website\/wp-json\/wp\/v2\/types\/page"}],"author":[{"embeddable":true,"href":"https:\/\/casino-site-amp-141.website\/wp-json\/wp\/v2\/users\/1"}],"replies":[{"embeddable":true,"href":"https:\/\/casino-site-amp-141.website\/wp-json\/wp\/v2\/comments?post=2532"}],"version-history":[{"count":1,"href":"https:\/\/casino-site-amp-141.website\/wp-json\/wp\/v2\/pages\/2532\/revisions"}],"predecessor-version":[{"id":2533,"href":"https:\/\/casino-site-amp-141.website\/wp-json\/wp\/v2\/pages\/2532\/revisions\/2533"}],"wp:attachment":[{"href":"https:\/\/casino-site-amp-141.website\/wp-json\/wp\/v2\/media?parent=2532"}],"curies":[{"name":"wp","href":"https:\/\/api.w.org\/{rel}","templated":true}]}}