{"id":2538,"date":"2025-11-21T15:13:09","date_gmt":"2025-11-21T13:13:09","guid":{"rendered":"https:\/\/casino-site-amp-141.website\/?page_id=2538"},"modified":"2025-11-21T15:13:45","modified_gmt":"2025-11-21T13:13:45","slug":"mexfilik-siyaseti","status":"publish","type":"page","link":"https:\/\/casino-site-amp-141.website\/mexfilik-siyaseti\/","title":{"rendered":"M\u0259xfilik siyas\u0259ti"},"content":{"rendered":"<h1>M\u0259xfilik siyas\u0259ti<\/h1>\n<p>Bu m\u0259xfilik siyas\u0259ti r\u0259q\u0259msal sistemin istifad\u0259\u00e7i m\u0259lumatlar\u0131n\u0131 hans\u0131 prinsipl\u0259rl\u0259 toplad\u0131\u011f\u0131n\u0131, saxlad\u0131\u011f\u0131n\u0131 v\u0259 emal etdiyini izah edir. M\u0259qs\u0259d \u2014 istifad\u0259\u00e7il\u0259rin \u015f\u0259xsi m\u0259lumatlar\u0131n\u0131 qorumaq v\u0259 m\u0259lumat emal\u0131n\u0131 \u015f\u0259ffaf \u015f\u0259kild\u0259 h\u0259yata ke\u00e7irm\u0259kdir.<\/p>\n<h2>Toplanan m\u0259lumatlar<\/h2>\n<ul>\n<li>\u015f\u0259xsiyy\u0259t\u0259 dair t\u0259qdim olunan m\u0259lumatlar<\/li>\n<li>cihaz v\u0259 brauzer haqq\u0131nda texniki m\u0259lumatlar<\/li>\n<li>IP \u00fcnvan\u0131 v\u0259 co\u011frafi m\u0259lumatlar<\/li>\n<li>platformadak\u0131 f\u0259aliyy\u0259t statistikas\u0131<\/li>\n<li>d\u0259st\u0259k sor\u011fular\u0131 \u00fc\u00e7\u00fcn t\u0259qdim olunan m\u0259lumatlar<\/li>\n<\/ul>\n<h2>M\u0259lumatlar\u0131n emal m\u0259qs\u0259dl\u0259ri<\/h2>\n<ul>\n<li>xidm\u0259t keyfiyy\u0259tinin art\u0131r\u0131lmas\u0131<\/li>\n<li>t\u0259hl\u00fck\u0259sizlik s\u0259viyy\u0259sinin optimalla\u015fd\u0131r\u0131lmas\u0131<\/li>\n<li>texniki probleml\u0259rin aradan qald\u0131r\u0131lmas\u0131<\/li>\n<li>istifad\u0259\u00e7i t\u0259cr\u00fcb\u0259sinin yax\u015f\u0131la\u015fd\u0131r\u0131lmas\u0131<\/li>\n<li>analitik v\u0259 statistik t\u0259hlill\u0259rin apar\u0131lmas\u0131<\/li>\n<\/ul>\n<h2>T\u0259hl\u00fck\u0259sizlik t\u0259dbirl\u0259ri<\/h2>\n<ul>\n<li>m\u0259lumatlar\u0131n \u015fifr\u0259l\u0259nm\u0259si<\/li>\n<li>m\u0259hdud giri\u015f icaz\u0259l\u0259ri<\/li>\n<li>qorunan server infrastrukturu<\/li>\n<li>m\u00fcnt\u0259z\u0259m t\u0259hl\u00fck\u0259sizlik yenil\u0259m\u0259l\u0259ri<\/li>\n<\/ul>\n<h2>\u0130stifad\u0259\u00e7i h\u00fcquqlar\u0131<\/h2>\n<ul>\n<li>toplanan m\u0259lumatlar bar\u0259d\u0259 m\u0259lumat almaq<\/li>\n<li>m\u0259lumatlar\u0131n d\u00fcz\u0259ldilm\u0259sini t\u0259l\u0259b etm\u0259k<\/li>\n<li>qanuni \u00e7\u0259r\u00e7iv\u0259d\u0259 m\u0259lumatlar\u0131n silinm\u0259sini ist\u0259m\u0259k<\/li>\n<li>m\u0259lumat emal\u0131 bar\u0259d\u0259 izahat almaq<\/li>\n<\/ul>\n","protected":false},"excerpt":{"rendered":"<p>M\u0259xfilik siyas\u0259ti Bu m\u0259xfilik siyas\u0259ti r\u0259q\u0259msal sistemin istifad\u0259\u00e7i m\u0259lumatlar\u0131n\u0131 hans\u0131 prinsipl\u0259rl\u0259 toplad\u0131\u011f\u0131n\u0131, saxlad\u0131\u011f\u0131n\u0131 v\u0259 emal etdiyini izah edir. M\u0259qs\u0259d \u2014 istifad\u0259\u00e7il\u0259rin \u015f\u0259xsi m\u0259lumatlar\u0131n\u0131 qorumaq v\u0259 m\u0259lumat emal\u0131n\u0131 \u015f\u0259ffaf \u015f\u0259kild\u0259 h\u0259yata ke\u00e7irm\u0259kdir. Toplanan m\u0259lumatlar \u015f\u0259xsiyy\u0259t\u0259 dair t\u0259qdim olunan m\u0259lumatlar cihaz v\u0259 brauzer haqq\u0131nda texniki m\u0259lumatlar IP \u00fcnvan\u0131 v\u0259 co\u011frafi m\u0259lumatlar platformadak\u0131 f\u0259aliyy\u0259t statistikas\u0131 d\u0259st\u0259k sor\u011fular\u0131 \u00fc\u00e7\u00fcn [&hellip;]<\/p>\n","protected":false},"author":1,"featured_media":0,"parent":0,"menu_order":0,"comment_status":"closed","ping_status":"closed","template":"","meta":{"_acf_changed":false,"footnotes":""},"class_list":["post-2538","page","type-page","status-publish","hentry"],"acf":[],"yoast_head":"<!-- This site is optimized with the Yoast SEO plugin v27.3 - https:\/\/yoast.com\/product\/yoast-seo-wordpress\/ -->\n<title>M\u0259xfilik siyas\u0259ti \u2013 m\u0259lumatlar\u0131n toplanmas\u0131 v\u0259 qorunmas\u0131 qaydalar\u0131<\/title>\n<meta name=\"description\" content=\"\u015e\u0259xsi m\u0259lumatlar\u0131n toplanmas\u0131, i\u015fl\u0259nm\u0259si, qorunmas\u0131 v\u0259 istifad\u0259\u00e7i h\u00fcquqlar\u0131 haqq\u0131nda \u0259trafl\u0131 m\u0259lumat\" \/>\n<meta name=\"robots\" content=\"index, follow, max-snippet:-1, max-image-preview:large, max-video-preview:-1\" \/>\n<link rel=\"canonical\" href=\"https:\/\/casino-site-amp-141.website\/mexfilik-siyaseti\/\" \/>\n<meta property=\"og:locale\" content=\"ru_RU\" \/>\n<meta property=\"og:type\" content=\"article\" \/>\n<meta property=\"og:title\" content=\"M\u0259xfilik siyas\u0259ti \u2013 m\u0259lumatlar\u0131n toplanmas\u0131 v\u0259 qorunmas\u0131 qaydalar\u0131\" \/>\n<meta property=\"og:description\" content=\"\u015e\u0259xsi m\u0259lumatlar\u0131n toplanmas\u0131, i\u015fl\u0259nm\u0259si, qorunmas\u0131 v\u0259 istifad\u0259\u00e7i h\u00fcquqlar\u0131 haqq\u0131nda \u0259trafl\u0131 m\u0259lumat\" \/>\n<meta property=\"og:url\" content=\"https:\/\/casino-site-amp-141.website\/mexfilik-siyaseti\/\" \/>\n<meta property=\"og:site_name\" content=\"casino-site-amp-141.website\" \/>\n<meta property=\"article:modified_time\" content=\"2025-11-21T13:13:45+00:00\" \/>\n<meta name=\"twitter:card\" content=\"summary_large_image\" \/>\n<meta name=\"twitter:label1\" content=\"\u041f\u0440\u0438\u043c\u0435\u0440\u043d\u043e\u0435 \u0432\u0440\u0435\u043c\u044f \u0434\u043b\u044f \u0447\u0442\u0435\u043d\u0438\u044f\" \/>\n\t<meta name=\"twitter:data1\" content=\"1 \u043c\u0438\u043d\u0443\u0442\u0430\" \/>\n<script type=\"application\/ld+json\" class=\"yoast-schema-graph\">{\"@context\":\"https:\\\/\\\/schema.org\",\"@graph\":[{\"@type\":\"WebPage\",\"@id\":\"https:\\\/\\\/casino-site-amp-141.website\\\/mexfilik-siyaseti\\\/\",\"url\":\"https:\\\/\\\/casino-site-amp-141.website\\\/mexfilik-siyaseti\\\/\",\"name\":\"M\u0259xfilik siyas\u0259ti \u2013 m\u0259lumatlar\u0131n toplanmas\u0131 v\u0259 qorunmas\u0131 qaydalar\u0131\",\"isPartOf\":{\"@id\":\"https:\\\/\\\/casino-site-amp-141.website\\\/#website\"},\"datePublished\":\"2025-11-21T13:13:09+00:00\",\"dateModified\":\"2025-11-21T13:13:45+00:00\",\"description\":\"\u015e\u0259xsi m\u0259lumatlar\u0131n toplanmas\u0131, i\u015fl\u0259nm\u0259si, qorunmas\u0131 v\u0259 istifad\u0259\u00e7i h\u00fcquqlar\u0131 haqq\u0131nda \u0259trafl\u0131 m\u0259lumat\",\"breadcrumb\":{\"@id\":\"https:\\\/\\\/casino-site-amp-141.website\\\/mexfilik-siyaseti\\\/#breadcrumb\"},\"inLanguage\":\"ru-RU\",\"potentialAction\":[{\"@type\":\"ReadAction\",\"target\":[\"https:\\\/\\\/casino-site-amp-141.website\\\/mexfilik-siyaseti\\\/\"]}]},{\"@type\":\"BreadcrumbList\",\"@id\":\"https:\\\/\\\/casino-site-amp-141.website\\\/mexfilik-siyaseti\\\/#breadcrumb\",\"itemListElement\":[{\"@type\":\"ListItem\",\"position\":1,\"name\":\"\u0413\u043b\u0430\u0432\u043d\u0430\u044f \u0441\u0442\u0440\u0430\u043d\u0438\u0446\u0430\",\"item\":\"https:\\\/\\\/casino-site-amp-141.website\\\/\"},{\"@type\":\"ListItem\",\"position\":2,\"name\":\"M\u0259xfilik siyas\u0259ti\"}]},{\"@type\":\"WebSite\",\"@id\":\"https:\\\/\\\/casino-site-amp-141.website\\\/#website\",\"url\":\"https:\\\/\\\/casino-site-amp-141.website\\\/\",\"name\":\"casino-site-amp-141.website\",\"description\":\"\",\"potentialAction\":[{\"@type\":\"SearchAction\",\"target\":{\"@type\":\"EntryPoint\",\"urlTemplate\":\"https:\\\/\\\/casino-site-amp-141.website\\\/?s={search_term_string}\"},\"query-input\":{\"@type\":\"PropertyValueSpecification\",\"valueRequired\":true,\"valueName\":\"search_term_string\"}}],\"inLanguage\":\"ru-RU\"}]}<\/script>\n<!-- \/ Yoast SEO plugin. -->","yoast_head_json":{"title":"M\u0259xfilik siyas\u0259ti \u2013 m\u0259lumatlar\u0131n toplanmas\u0131 v\u0259 qorunmas\u0131 qaydalar\u0131","description":"\u015e\u0259xsi m\u0259lumatlar\u0131n toplanmas\u0131, i\u015fl\u0259nm\u0259si, qorunmas\u0131 v\u0259 istifad\u0259\u00e7i h\u00fcquqlar\u0131 haqq\u0131nda \u0259trafl\u0131 m\u0259lumat","robots":{"index":"index","follow":"follow","max-snippet":"max-snippet:-1","max-image-preview":"max-image-preview:large","max-video-preview":"max-video-preview:-1"},"canonical":"https:\/\/casino-site-amp-141.website\/mexfilik-siyaseti\/","og_locale":"ru_RU","og_type":"article","og_title":"M\u0259xfilik siyas\u0259ti \u2013 m\u0259lumatlar\u0131n toplanmas\u0131 v\u0259 qorunmas\u0131 qaydalar\u0131","og_description":"\u015e\u0259xsi m\u0259lumatlar\u0131n toplanmas\u0131, i\u015fl\u0259nm\u0259si, qorunmas\u0131 v\u0259 istifad\u0259\u00e7i h\u00fcquqlar\u0131 haqq\u0131nda \u0259trafl\u0131 m\u0259lumat","og_url":"https:\/\/casino-site-amp-141.website\/mexfilik-siyaseti\/","og_site_name":"casino-site-amp-141.website","article_modified_time":"2025-11-21T13:13:45+00:00","twitter_card":"summary_large_image","twitter_misc":{"\u041f\u0440\u0438\u043c\u0435\u0440\u043d\u043e\u0435 \u0432\u0440\u0435\u043c\u044f \u0434\u043b\u044f \u0447\u0442\u0435\u043d\u0438\u044f":"1 \u043c\u0438\u043d\u0443\u0442\u0430"},"schema":{"@context":"https:\/\/schema.org","@graph":[{"@type":"WebPage","@id":"https:\/\/casino-site-amp-141.website\/mexfilik-siyaseti\/","url":"https:\/\/casino-site-amp-141.website\/mexfilik-siyaseti\/","name":"M\u0259xfilik siyas\u0259ti \u2013 m\u0259lumatlar\u0131n toplanmas\u0131 v\u0259 qorunmas\u0131 qaydalar\u0131","isPartOf":{"@id":"https:\/\/casino-site-amp-141.website\/#website"},"datePublished":"2025-11-21T13:13:09+00:00","dateModified":"2025-11-21T13:13:45+00:00","description":"\u015e\u0259xsi m\u0259lumatlar\u0131n toplanmas\u0131, i\u015fl\u0259nm\u0259si, qorunmas\u0131 v\u0259 istifad\u0259\u00e7i h\u00fcquqlar\u0131 haqq\u0131nda \u0259trafl\u0131 m\u0259lumat","breadcrumb":{"@id":"https:\/\/casino-site-amp-141.website\/mexfilik-siyaseti\/#breadcrumb"},"inLanguage":"ru-RU","potentialAction":[{"@type":"ReadAction","target":["https:\/\/casino-site-amp-141.website\/mexfilik-siyaseti\/"]}]},{"@type":"BreadcrumbList","@id":"https:\/\/casino-site-amp-141.website\/mexfilik-siyaseti\/#breadcrumb","itemListElement":[{"@type":"ListItem","position":1,"name":"\u0413\u043b\u0430\u0432\u043d\u0430\u044f \u0441\u0442\u0440\u0430\u043d\u0438\u0446\u0430","item":"https:\/\/casino-site-amp-141.website\/"},{"@type":"ListItem","position":2,"name":"M\u0259xfilik siyas\u0259ti"}]},{"@type":"WebSite","@id":"https:\/\/casino-site-amp-141.website\/#website","url":"https:\/\/casino-site-amp-141.website\/","name":"casino-site-amp-141.website","description":"","potentialAction":[{"@type":"SearchAction","target":{"@type":"EntryPoint","urlTemplate":"https:\/\/casino-site-amp-141.website\/?s={search_term_string}"},"query-input":{"@type":"PropertyValueSpecification","valueRequired":true,"valueName":"search_term_string"}}],"inLanguage":"ru-RU"}]}},"amp_enabled":true,"_links":{"self":[{"href":"https:\/\/casino-site-amp-141.website\/wp-json\/wp\/v2\/pages\/2538","targetHints":{"allow":["GET"]}}],"collection":[{"href":"https:\/\/casino-site-amp-141.website\/wp-json\/wp\/v2\/pages"}],"about":[{"href":"https:\/\/casino-site-amp-141.website\/wp-json\/wp\/v2\/types\/page"}],"author":[{"embeddable":true,"href":"https:\/\/casino-site-amp-141.website\/wp-json\/wp\/v2\/users\/1"}],"replies":[{"embeddable":true,"href":"https:\/\/casino-site-amp-141.website\/wp-json\/wp\/v2\/comments?post=2538"}],"version-history":[{"count":1,"href":"https:\/\/casino-site-amp-141.website\/wp-json\/wp\/v2\/pages\/2538\/revisions"}],"predecessor-version":[{"id":2539,"href":"https:\/\/casino-site-amp-141.website\/wp-json\/wp\/v2\/pages\/2538\/revisions\/2539"}],"wp:attachment":[{"href":"https:\/\/casino-site-amp-141.website\/wp-json\/wp\/v2\/media?parent=2538"}],"curies":[{"name":"wp","href":"https:\/\/api.w.org\/{rel}","templated":true}]}}