{"id":2585,"date":"2025-11-22T09:25:07","date_gmt":"2025-11-22T07:25:07","guid":{"rendered":"https:\/\/casino-site-amp-141.website\/?page_id=2585"},"modified":"2025-11-22T09:25:45","modified_gmt":"2025-11-22T07:25:45","slug":"haqqimizda","status":"publish","type":"page","link":"https:\/\/casino-site-amp-141.website\/haqqimizda\/","title":{"rendered":"Haqq\u0131m\u0131zda"},"content":{"rendered":"<h1>Haqq\u0131m\u0131zda<\/h1>\n<p>Bu platforma onlayn kazino sah\u0259si \u00fc\u00e7\u00fcn m\u00fcasir, optimalla\u015fd\u0131r\u0131lm\u0131\u015f v\u0259 t\u0259hl\u00fck\u0259siz r\u0259q\u0259msal m\u00fchit yaratmaq m\u0259qs\u0259di il\u0259 qurulmu\u015fdur. H\u0259r g\u00fcn d\u0259yi\u015f\u0259n r\u0259q\u0259msal v\u0259rdi\u015fl\u0259r, yeni oyun formatlar\u0131, mobil adaptasiya v\u0259 istifad\u0259\u00e7i davran\u0131\u015flar\u0131 n\u0259z\u0259r\u0259 al\u0131naraq, layih\u0259 daima yenil\u0259n\u0259n sistem \u00fcz\u0259rind\u0259 f\u0259aliyy\u0259t g\u00f6st\u0259rir.<\/p>\n<h2>Missiyam\u0131z<\/h2>\n<ul>\n<li>istifad\u0259\u00e7il\u0259r\u0259 ayd\u0131n v\u0259 d\u0259qiq m\u0259lumat t\u0259qdim etm\u0259k<\/li>\n<li>t\u0259hl\u00fck\u0259siz r\u0259q\u0259msal m\u00fchit yaratmaq<\/li>\n<li>mobil v\u0259 masa\u00fcst\u00fc cihazlara uy\u011fun interfeys haz\u0131rlamaq<\/li>\n<li>m\u0259lumat bazas\u0131n\u0131 daim yenil\u0259m\u0259k<\/li>\n<li>y\u00fcks\u0259k istifad\u0259\u00e7i rahatl\u0131\u011f\u0131n\u0131 t\u0259min etm\u0259k<\/li>\n<\/ul>\n<h2>T\u0259klif etdiyimiz imkanlar<\/h2>\n<p>Platforma istifad\u0259\u00e7il\u0259r\u0259:<\/p>\n<ul>\n<li>kazino m\u00f6vzulu t\u0259hlill\u0259r<\/li>\n<li>tematik m\u0259lumat b\u00f6lm\u0259l\u0259ri<\/li>\n<li>intuitiv naviqasiya<\/li>\n<li>adaptiv dizayn<\/li>\n<li>ayd\u0131n m\u0259zmun strukturu<\/li>\n<li>t\u0259hl\u00fck\u0259siz m\u0259lumat m\u00fchiti<\/li>\n<\/ul>\n<p>t\u0259qdim edir.<\/p>\n<h2>Komanda haqq\u0131nda<\/h2>\n<p>Platforman\u0131 idar\u0259 ed\u0259n komanda \u00e7ox\u015fax\u0259li t\u0259cr\u00fcb\u0259y\u0259 malikdir:<\/p>\n<ul>\n<li>texniki m\u00fct\u0259x\u0259ssisl\u0259r<\/li>\n<li>t\u0259hl\u00fck\u0259sizlik m\u00fch\u0259ndisl\u0259ri<\/li>\n<li>r\u0259q\u0259msal analitikl\u0259r<\/li>\n<li>UX\/UI dizaynerl\u0259ri<\/li>\n<li>m\u0259zmun yarad\u0131c\u0131lar\u0131<\/li>\n<\/ul>\n<p>Komanda m\u0259qs\u0259d olaraq t\u0259hl\u00fck\u0259siz, stabil v\u0259 h\u0259r k\u0259s \u00fc\u00e7\u00fcn \u0259l\u00e7atan r\u0259q\u0259msal sistem yaratma\u011f\u0131 qar\u015f\u0131s\u0131na m\u0259qs\u0259d qoyub.<\/p>\n","protected":false},"excerpt":{"rendered":"<p>Haqq\u0131m\u0131zda Bu platforma onlayn kazino sah\u0259si \u00fc\u00e7\u00fcn m\u00fcasir, optimalla\u015fd\u0131r\u0131lm\u0131\u015f v\u0259 t\u0259hl\u00fck\u0259siz r\u0259q\u0259msal m\u00fchit yaratmaq m\u0259qs\u0259di il\u0259 qurulmu\u015fdur. H\u0259r g\u00fcn d\u0259yi\u015f\u0259n r\u0259q\u0259msal v\u0259rdi\u015fl\u0259r, yeni oyun formatlar\u0131, mobil adaptasiya v\u0259 istifad\u0259\u00e7i davran\u0131\u015flar\u0131 n\u0259z\u0259r\u0259 al\u0131naraq, layih\u0259 daima yenil\u0259n\u0259n sistem \u00fcz\u0259rind\u0259 f\u0259aliyy\u0259t g\u00f6st\u0259rir. Missiyam\u0131z istifad\u0259\u00e7il\u0259r\u0259 ayd\u0131n v\u0259 d\u0259qiq m\u0259lumat t\u0259qdim etm\u0259k t\u0259hl\u00fck\u0259siz r\u0259q\u0259msal m\u00fchit yaratmaq mobil v\u0259 masa\u00fcst\u00fc cihazlara [&hellip;]<\/p>\n","protected":false},"author":1,"featured_media":0,"parent":0,"menu_order":0,"comment_status":"closed","ping_status":"closed","template":"","meta":{"_acf_changed":false,"footnotes":""},"class_list":["post-2585","page","type-page","status-publish","hentry"],"acf":[],"yoast_head":"<!-- This site is optimized with the Yoast SEO plugin v27.3 - https:\/\/yoast.com\/product\/yoast-seo-wordpress\/ -->\n<title>Haqq\u0131m\u0131zda \u2013 kazino y\u00f6n\u00fcml\u00fc r\u0259q\u0259msal platforman\u0131n missiyas\u0131 v\u0259 komanda prinsipl\u0259ri<\/title>\n<meta name=\"description\" content=\"Platforman\u0131n m\u0259qs\u0259di, missiyas\u0131, t\u0259hl\u00fck\u0259sizlik yana\u015fmas\u0131, m\u0259zmun strukturu v\u0259 inki\u015faf strategiyas\u0131 haqq\u0131nda geni\u015f m\u0259lumat\" \/>\n<meta name=\"robots\" content=\"index, follow, max-snippet:-1, max-image-preview:large, max-video-preview:-1\" \/>\n<link rel=\"canonical\" href=\"https:\/\/casino-site-amp-141.website\/haqqimizda\/\" \/>\n<meta property=\"og:locale\" content=\"ru_RU\" \/>\n<meta property=\"og:type\" content=\"article\" \/>\n<meta property=\"og:title\" content=\"Haqq\u0131m\u0131zda \u2013 kazino y\u00f6n\u00fcml\u00fc r\u0259q\u0259msal platforman\u0131n missiyas\u0131 v\u0259 komanda prinsipl\u0259ri\" \/>\n<meta property=\"og:description\" content=\"Platforman\u0131n m\u0259qs\u0259di, missiyas\u0131, t\u0259hl\u00fck\u0259sizlik yana\u015fmas\u0131, m\u0259zmun strukturu v\u0259 inki\u015faf strategiyas\u0131 haqq\u0131nda geni\u015f m\u0259lumat\" \/>\n<meta property=\"og:url\" content=\"https:\/\/casino-site-amp-141.website\/haqqimizda\/\" \/>\n<meta property=\"og:site_name\" content=\"casino-site-amp-141.website\" \/>\n<meta property=\"article:modified_time\" content=\"2025-11-22T07:25:45+00:00\" \/>\n<meta name=\"twitter:card\" content=\"summary_large_image\" \/>\n<meta name=\"twitter:label1\" content=\"\u041f\u0440\u0438\u043c\u0435\u0440\u043d\u043e\u0435 \u0432\u0440\u0435\u043c\u044f \u0434\u043b\u044f \u0447\u0442\u0435\u043d\u0438\u044f\" \/>\n\t<meta name=\"twitter:data1\" content=\"1 \u043c\u0438\u043d\u0443\u0442\u0430\" \/>\n<script type=\"application\/ld+json\" class=\"yoast-schema-graph\">{\"@context\":\"https:\\\/\\\/schema.org\",\"@graph\":[{\"@type\":\"WebPage\",\"@id\":\"https:\\\/\\\/casino-site-amp-141.website\\\/haqqimizda\\\/\",\"url\":\"https:\\\/\\\/casino-site-amp-141.website\\\/haqqimizda\\\/\",\"name\":\"Haqq\u0131m\u0131zda \u2013 kazino y\u00f6n\u00fcml\u00fc r\u0259q\u0259msal platforman\u0131n missiyas\u0131 v\u0259 komanda prinsipl\u0259ri\",\"isPartOf\":{\"@id\":\"https:\\\/\\\/casino-site-amp-141.website\\\/#website\"},\"datePublished\":\"2025-11-22T07:25:07+00:00\",\"dateModified\":\"2025-11-22T07:25:45+00:00\",\"description\":\"Platforman\u0131n m\u0259qs\u0259di, missiyas\u0131, t\u0259hl\u00fck\u0259sizlik yana\u015fmas\u0131, m\u0259zmun strukturu v\u0259 inki\u015faf strategiyas\u0131 haqq\u0131nda geni\u015f m\u0259lumat\",\"breadcrumb\":{\"@id\":\"https:\\\/\\\/casino-site-amp-141.website\\\/haqqimizda\\\/#breadcrumb\"},\"inLanguage\":\"ru-RU\",\"potentialAction\":[{\"@type\":\"ReadAction\",\"target\":[\"https:\\\/\\\/casino-site-amp-141.website\\\/haqqimizda\\\/\"]}]},{\"@type\":\"BreadcrumbList\",\"@id\":\"https:\\\/\\\/casino-site-amp-141.website\\\/haqqimizda\\\/#breadcrumb\",\"itemListElement\":[{\"@type\":\"ListItem\",\"position\":1,\"name\":\"\u0413\u043b\u0430\u0432\u043d\u0430\u044f \u0441\u0442\u0440\u0430\u043d\u0438\u0446\u0430\",\"item\":\"https:\\\/\\\/casino-site-amp-141.website\\\/\"},{\"@type\":\"ListItem\",\"position\":2,\"name\":\"Haqq\u0131m\u0131zda\"}]},{\"@type\":\"WebSite\",\"@id\":\"https:\\\/\\\/casino-site-amp-141.website\\\/#website\",\"url\":\"https:\\\/\\\/casino-site-amp-141.website\\\/\",\"name\":\"casino-site-amp-141.website\",\"description\":\"\",\"potentialAction\":[{\"@type\":\"SearchAction\",\"target\":{\"@type\":\"EntryPoint\",\"urlTemplate\":\"https:\\\/\\\/casino-site-amp-141.website\\\/?s={search_term_string}\"},\"query-input\":{\"@type\":\"PropertyValueSpecification\",\"valueRequired\":true,\"valueName\":\"search_term_string\"}}],\"inLanguage\":\"ru-RU\"}]}<\/script>\n<!-- \/ Yoast SEO plugin. -->","yoast_head_json":{"title":"Haqq\u0131m\u0131zda \u2013 kazino y\u00f6n\u00fcml\u00fc r\u0259q\u0259msal platforman\u0131n missiyas\u0131 v\u0259 komanda prinsipl\u0259ri","description":"Platforman\u0131n m\u0259qs\u0259di, missiyas\u0131, t\u0259hl\u00fck\u0259sizlik yana\u015fmas\u0131, m\u0259zmun strukturu v\u0259 inki\u015faf strategiyas\u0131 haqq\u0131nda geni\u015f m\u0259lumat","robots":{"index":"index","follow":"follow","max-snippet":"max-snippet:-1","max-image-preview":"max-image-preview:large","max-video-preview":"max-video-preview:-1"},"canonical":"https:\/\/casino-site-amp-141.website\/haqqimizda\/","og_locale":"ru_RU","og_type":"article","og_title":"Haqq\u0131m\u0131zda \u2013 kazino y\u00f6n\u00fcml\u00fc r\u0259q\u0259msal platforman\u0131n missiyas\u0131 v\u0259 komanda prinsipl\u0259ri","og_description":"Platforman\u0131n m\u0259qs\u0259di, missiyas\u0131, t\u0259hl\u00fck\u0259sizlik yana\u015fmas\u0131, m\u0259zmun strukturu v\u0259 inki\u015faf strategiyas\u0131 haqq\u0131nda geni\u015f m\u0259lumat","og_url":"https:\/\/casino-site-amp-141.website\/haqqimizda\/","og_site_name":"casino-site-amp-141.website","article_modified_time":"2025-11-22T07:25:45+00:00","twitter_card":"summary_large_image","twitter_misc":{"\u041f\u0440\u0438\u043c\u0435\u0440\u043d\u043e\u0435 \u0432\u0440\u0435\u043c\u044f \u0434\u043b\u044f \u0447\u0442\u0435\u043d\u0438\u044f":"1 \u043c\u0438\u043d\u0443\u0442\u0430"},"schema":{"@context":"https:\/\/schema.org","@graph":[{"@type":"WebPage","@id":"https:\/\/casino-site-amp-141.website\/haqqimizda\/","url":"https:\/\/casino-site-amp-141.website\/haqqimizda\/","name":"Haqq\u0131m\u0131zda \u2013 kazino y\u00f6n\u00fcml\u00fc r\u0259q\u0259msal platforman\u0131n missiyas\u0131 v\u0259 komanda prinsipl\u0259ri","isPartOf":{"@id":"https:\/\/casino-site-amp-141.website\/#website"},"datePublished":"2025-11-22T07:25:07+00:00","dateModified":"2025-11-22T07:25:45+00:00","description":"Platforman\u0131n m\u0259qs\u0259di, missiyas\u0131, t\u0259hl\u00fck\u0259sizlik yana\u015fmas\u0131, m\u0259zmun strukturu v\u0259 inki\u015faf strategiyas\u0131 haqq\u0131nda geni\u015f m\u0259lumat","breadcrumb":{"@id":"https:\/\/casino-site-amp-141.website\/haqqimizda\/#breadcrumb"},"inLanguage":"ru-RU","potentialAction":[{"@type":"ReadAction","target":["https:\/\/casino-site-amp-141.website\/haqqimizda\/"]}]},{"@type":"BreadcrumbList","@id":"https:\/\/casino-site-amp-141.website\/haqqimizda\/#breadcrumb","itemListElement":[{"@type":"ListItem","position":1,"name":"\u0413\u043b\u0430\u0432\u043d\u0430\u044f \u0441\u0442\u0440\u0430\u043d\u0438\u0446\u0430","item":"https:\/\/casino-site-amp-141.website\/"},{"@type":"ListItem","position":2,"name":"Haqq\u0131m\u0131zda"}]},{"@type":"WebSite","@id":"https:\/\/casino-site-amp-141.website\/#website","url":"https:\/\/casino-site-amp-141.website\/","name":"casino-site-amp-141.website","description":"","potentialAction":[{"@type":"SearchAction","target":{"@type":"EntryPoint","urlTemplate":"https:\/\/casino-site-amp-141.website\/?s={search_term_string}"},"query-input":{"@type":"PropertyValueSpecification","valueRequired":true,"valueName":"search_term_string"}}],"inLanguage":"ru-RU"}]}},"amp_enabled":true,"_links":{"self":[{"href":"https:\/\/casino-site-amp-141.website\/wp-json\/wp\/v2\/pages\/2585","targetHints":{"allow":["GET"]}}],"collection":[{"href":"https:\/\/casino-site-amp-141.website\/wp-json\/wp\/v2\/pages"}],"about":[{"href":"https:\/\/casino-site-amp-141.website\/wp-json\/wp\/v2\/types\/page"}],"author":[{"embeddable":true,"href":"https:\/\/casino-site-amp-141.website\/wp-json\/wp\/v2\/users\/1"}],"replies":[{"embeddable":true,"href":"https:\/\/casino-site-amp-141.website\/wp-json\/wp\/v2\/comments?post=2585"}],"version-history":[{"count":1,"href":"https:\/\/casino-site-amp-141.website\/wp-json\/wp\/v2\/pages\/2585\/revisions"}],"predecessor-version":[{"id":2586,"href":"https:\/\/casino-site-amp-141.website\/wp-json\/wp\/v2\/pages\/2585\/revisions\/2586"}],"wp:attachment":[{"href":"https:\/\/casino-site-amp-141.website\/wp-json\/wp\/v2\/media?parent=2585"}],"curies":[{"name":"wp","href":"https:\/\/api.w.org\/{rel}","templated":true}]}}