{"id":2589,"date":"2025-11-22T09:32:51","date_gmt":"2025-11-22T07:32:51","guid":{"rendered":"https:\/\/casino-site-amp-141.website\/?page_id=2589"},"modified":"2025-11-22T09:33:33","modified_gmt":"2025-11-22T07:33:33","slug":"elaqe-melumatlari","status":"publish","type":"page","link":"https:\/\/casino-site-amp-141.website\/elaqe-melumatlari\/","title":{"rendered":"\u018fLAQ\u018f M\u018fLUMATLARI\u00a0"},"content":{"rendered":"<h1>\u018fLAQ\u018f M\u018fLUMATLARI<\/h1>\n<p>\u0130stifad\u0259\u00e7il\u0259r texniki \u00e7\u0259tinlikl\u0259r, m\u0259lumat d\u0259qiql\u0259\u015fdirm\u0259l\u0259ri v\u0259 ya platforma il\u0259 ba\u011fl\u0131 suallarla ba\u011fl\u0131 d\u0259st\u0259k komandas\u0131 il\u0259 \u0259laq\u0259 yarada bil\u0259rl\u0259r. Komanda sor\u011fular\u0131 operativ \u015f\u0259kild\u0259 cavabland\u0131r\u0131r v\u0259 t\u0259hl\u00fck\u0259siz r\u0259q\u0259msal istifad\u0259 m\u00fchitinin qorunmas\u0131na x\u00fcsusi diqq\u0259t yetirir.<\/p>\n<h3>E-po\u00e7t<\/h3>\n<p>support@motopot.com<\/p>\n<h3>Telefon<\/h3>\n<p>+994 50 762 48 19<\/p>\n<h3>\u00dcnvan<\/h3>\n<p>Azadl\u0131q prospekti 55, Bak\u0131 1130, Az\u0259rbaycan<\/p>\n","protected":false},"excerpt":{"rendered":"<p>\u018fLAQ\u018f M\u018fLUMATLARI \u0130stifad\u0259\u00e7il\u0259r texniki \u00e7\u0259tinlikl\u0259r, m\u0259lumat d\u0259qiql\u0259\u015fdirm\u0259l\u0259ri v\u0259 ya platforma il\u0259 ba\u011fl\u0131 suallarla ba\u011fl\u0131 d\u0259st\u0259k komandas\u0131 il\u0259 \u0259laq\u0259 yarada bil\u0259rl\u0259r. Komanda sor\u011fular\u0131 operativ \u015f\u0259kild\u0259 cavabland\u0131r\u0131r v\u0259 t\u0259hl\u00fck\u0259siz r\u0259q\u0259msal istifad\u0259 m\u00fchitinin qorunmas\u0131na x\u00fcsusi diqq\u0259t yetirir. E-po\u00e7t support@motopot.com Telefon +994 50 762 48 19 \u00dcnvan Azadl\u0131q prospekti 55, Bak\u0131 1130, Az\u0259rbaycan<\/p>\n","protected":false},"author":1,"featured_media":0,"parent":0,"menu_order":0,"comment_status":"closed","ping_status":"closed","template":"","meta":{"_acf_changed":false,"footnotes":""},"class_list":["post-2589","page","type-page","status-publish","hentry"],"acf":[],"yoast_head":"<!-- This site is optimized with the Yoast SEO plugin v27.3 - https:\/\/yoast.com\/product\/yoast-seo-wordpress\/ -->\n<title>\u018fLAQ\u018f M\u018fLUMATLARI\u00a0| 1xBet<\/title>\n<meta name=\"robots\" content=\"index, follow, max-snippet:-1, max-image-preview:large, max-video-preview:-1\" \/>\n<link rel=\"canonical\" href=\"https:\/\/casino-site-amp-141.website\/elaqe-melumatlari\/\" \/>\n<meta property=\"og:locale\" content=\"ru_RU\" \/>\n<meta property=\"og:type\" content=\"article\" \/>\n<meta property=\"og:title\" content=\"\u018fLAQ\u018f M\u018fLUMATLARI\u00a0| 1xBet\" \/>\n<meta property=\"og:description\" content=\"\u018fLAQ\u018f M\u018fLUMATLARI \u0130stifad\u0259\u00e7il\u0259r texniki \u00e7\u0259tinlikl\u0259r, m\u0259lumat d\u0259qiql\u0259\u015fdirm\u0259l\u0259ri v\u0259 ya platforma il\u0259 ba\u011fl\u0131 suallarla ba\u011fl\u0131 d\u0259st\u0259k komandas\u0131 il\u0259 \u0259laq\u0259 yarada bil\u0259rl\u0259r. Komanda sor\u011fular\u0131 operativ \u015f\u0259kild\u0259 cavabland\u0131r\u0131r v\u0259 t\u0259hl\u00fck\u0259siz r\u0259q\u0259msal istifad\u0259 m\u00fchitinin qorunmas\u0131na x\u00fcsusi diqq\u0259t yetirir. E-po\u00e7t support@motopot.com Telefon +994 50 762 48 19 \u00dcnvan Azadl\u0131q prospekti 55, Bak\u0131 1130, Az\u0259rbaycan\" \/>\n<meta property=\"og:url\" content=\"https:\/\/casino-site-amp-141.website\/elaqe-melumatlari\/\" \/>\n<meta property=\"og:site_name\" content=\"casino-site-amp-141.website\" \/>\n<meta property=\"article:modified_time\" content=\"2025-11-22T07:33:33+00:00\" \/>\n<meta name=\"twitter:card\" content=\"summary_large_image\" \/>\n<meta name=\"twitter:label1\" content=\"\u041f\u0440\u0438\u043c\u0435\u0440\u043d\u043e\u0435 \u0432\u0440\u0435\u043c\u044f \u0434\u043b\u044f \u0447\u0442\u0435\u043d\u0438\u044f\" \/>\n\t<meta name=\"twitter:data1\" content=\"1 \u043c\u0438\u043d\u0443\u0442\u0430\" \/>\n<script type=\"application\/ld+json\" class=\"yoast-schema-graph\">{\"@context\":\"https:\\\/\\\/schema.org\",\"@graph\":[{\"@type\":\"WebPage\",\"@id\":\"https:\\\/\\\/casino-site-amp-141.website\\\/elaqe-melumatlari\\\/\",\"url\":\"https:\\\/\\\/casino-site-amp-141.website\\\/elaqe-melumatlari\\\/\",\"name\":\"\u018fLAQ\u018f M\u018fLUMATLARI\u00a0| 1xBet\",\"isPartOf\":{\"@id\":\"https:\\\/\\\/casino-site-amp-141.website\\\/#website\"},\"datePublished\":\"2025-11-22T07:32:51+00:00\",\"dateModified\":\"2025-11-22T07:33:33+00:00\",\"breadcrumb\":{\"@id\":\"https:\\\/\\\/casino-site-amp-141.website\\\/elaqe-melumatlari\\\/#breadcrumb\"},\"inLanguage\":\"ru-RU\",\"potentialAction\":[{\"@type\":\"ReadAction\",\"target\":[\"https:\\\/\\\/casino-site-amp-141.website\\\/elaqe-melumatlari\\\/\"]}]},{\"@type\":\"BreadcrumbList\",\"@id\":\"https:\\\/\\\/casino-site-amp-141.website\\\/elaqe-melumatlari\\\/#breadcrumb\",\"itemListElement\":[{\"@type\":\"ListItem\",\"position\":1,\"name\":\"\u0413\u043b\u0430\u0432\u043d\u0430\u044f \u0441\u0442\u0440\u0430\u043d\u0438\u0446\u0430\",\"item\":\"https:\\\/\\\/casino-site-amp-141.website\\\/\"},{\"@type\":\"ListItem\",\"position\":2,\"name\":\"\u018fLAQ\u018f M\u018fLUMATLARI\u00a0\"}]},{\"@type\":\"WebSite\",\"@id\":\"https:\\\/\\\/casino-site-amp-141.website\\\/#website\",\"url\":\"https:\\\/\\\/casino-site-amp-141.website\\\/\",\"name\":\"casino-site-amp-141.website\",\"description\":\"\",\"potentialAction\":[{\"@type\":\"SearchAction\",\"target\":{\"@type\":\"EntryPoint\",\"urlTemplate\":\"https:\\\/\\\/casino-site-amp-141.website\\\/?s={search_term_string}\"},\"query-input\":{\"@type\":\"PropertyValueSpecification\",\"valueRequired\":true,\"valueName\":\"search_term_string\"}}],\"inLanguage\":\"ru-RU\"}]}<\/script>\n<!-- \/ Yoast SEO plugin. -->","yoast_head_json":{"title":"\u018fLAQ\u018f M\u018fLUMATLARI\u00a0| 1xBet","robots":{"index":"index","follow":"follow","max-snippet":"max-snippet:-1","max-image-preview":"max-image-preview:large","max-video-preview":"max-video-preview:-1"},"canonical":"https:\/\/casino-site-amp-141.website\/elaqe-melumatlari\/","og_locale":"ru_RU","og_type":"article","og_title":"\u018fLAQ\u018f M\u018fLUMATLARI\u00a0| 1xBet","og_description":"\u018fLAQ\u018f M\u018fLUMATLARI \u0130stifad\u0259\u00e7il\u0259r texniki \u00e7\u0259tinlikl\u0259r, m\u0259lumat d\u0259qiql\u0259\u015fdirm\u0259l\u0259ri v\u0259 ya platforma il\u0259 ba\u011fl\u0131 suallarla ba\u011fl\u0131 d\u0259st\u0259k komandas\u0131 il\u0259 \u0259laq\u0259 yarada bil\u0259rl\u0259r. Komanda sor\u011fular\u0131 operativ \u015f\u0259kild\u0259 cavabland\u0131r\u0131r v\u0259 t\u0259hl\u00fck\u0259siz r\u0259q\u0259msal istifad\u0259 m\u00fchitinin qorunmas\u0131na x\u00fcsusi diqq\u0259t yetirir. E-po\u00e7t support@motopot.com Telefon +994 50 762 48 19 \u00dcnvan Azadl\u0131q prospekti 55, Bak\u0131 1130, Az\u0259rbaycan","og_url":"https:\/\/casino-site-amp-141.website\/elaqe-melumatlari\/","og_site_name":"casino-site-amp-141.website","article_modified_time":"2025-11-22T07:33:33+00:00","twitter_card":"summary_large_image","twitter_misc":{"\u041f\u0440\u0438\u043c\u0435\u0440\u043d\u043e\u0435 \u0432\u0440\u0435\u043c\u044f \u0434\u043b\u044f \u0447\u0442\u0435\u043d\u0438\u044f":"1 \u043c\u0438\u043d\u0443\u0442\u0430"},"schema":{"@context":"https:\/\/schema.org","@graph":[{"@type":"WebPage","@id":"https:\/\/casino-site-amp-141.website\/elaqe-melumatlari\/","url":"https:\/\/casino-site-amp-141.website\/elaqe-melumatlari\/","name":"\u018fLAQ\u018f M\u018fLUMATLARI\u00a0| 1xBet","isPartOf":{"@id":"https:\/\/casino-site-amp-141.website\/#website"},"datePublished":"2025-11-22T07:32:51+00:00","dateModified":"2025-11-22T07:33:33+00:00","breadcrumb":{"@id":"https:\/\/casino-site-amp-141.website\/elaqe-melumatlari\/#breadcrumb"},"inLanguage":"ru-RU","potentialAction":[{"@type":"ReadAction","target":["https:\/\/casino-site-amp-141.website\/elaqe-melumatlari\/"]}]},{"@type":"BreadcrumbList","@id":"https:\/\/casino-site-amp-141.website\/elaqe-melumatlari\/#breadcrumb","itemListElement":[{"@type":"ListItem","position":1,"name":"\u0413\u043b\u0430\u0432\u043d\u0430\u044f \u0441\u0442\u0440\u0430\u043d\u0438\u0446\u0430","item":"https:\/\/casino-site-amp-141.website\/"},{"@type":"ListItem","position":2,"name":"\u018fLAQ\u018f M\u018fLUMATLARI\u00a0"}]},{"@type":"WebSite","@id":"https:\/\/casino-site-amp-141.website\/#website","url":"https:\/\/casino-site-amp-141.website\/","name":"casino-site-amp-141.website","description":"","potentialAction":[{"@type":"SearchAction","target":{"@type":"EntryPoint","urlTemplate":"https:\/\/casino-site-amp-141.website\/?s={search_term_string}"},"query-input":{"@type":"PropertyValueSpecification","valueRequired":true,"valueName":"search_term_string"}}],"inLanguage":"ru-RU"}]}},"amp_enabled":true,"_links":{"self":[{"href":"https:\/\/casino-site-amp-141.website\/wp-json\/wp\/v2\/pages\/2589","targetHints":{"allow":["GET"]}}],"collection":[{"href":"https:\/\/casino-site-amp-141.website\/wp-json\/wp\/v2\/pages"}],"about":[{"href":"https:\/\/casino-site-amp-141.website\/wp-json\/wp\/v2\/types\/page"}],"author":[{"embeddable":true,"href":"https:\/\/casino-site-amp-141.website\/wp-json\/wp\/v2\/users\/1"}],"replies":[{"embeddable":true,"href":"https:\/\/casino-site-amp-141.website\/wp-json\/wp\/v2\/comments?post=2589"}],"version-history":[{"count":1,"href":"https:\/\/casino-site-amp-141.website\/wp-json\/wp\/v2\/pages\/2589\/revisions"}],"predecessor-version":[{"id":2590,"href":"https:\/\/casino-site-amp-141.website\/wp-json\/wp\/v2\/pages\/2589\/revisions\/2590"}],"wp:attachment":[{"href":"https:\/\/casino-site-amp-141.website\/wp-json\/wp\/v2\/media?parent=2589"}],"curies":[{"name":"wp","href":"https:\/\/api.w.org\/{rel}","templated":true}]}}