{"id":2783,"date":"2025-12-19T17:22:26","date_gmt":"2025-12-19T15:22:26","guid":{"rendered":"https:\/\/casino-site-amp-141.website\/?page_id=2783"},"modified":"2025-12-19T17:22:26","modified_gmt":"2025-12-19T15:22:26","slug":"hakkimizda","status":"publish","type":"page","link":"https:\/\/casino-site-amp-141.website\/tr\/hakkimizda\/","title":{"rendered":"Hakk\u0131m\u0131zda"},"content":{"rendered":"<h1>Hakk\u0131m\u0131zda<\/h1>\n<p>Bu platform, kullan\u0131c\u0131lara kumarhane ile ilgili dijital i\u00e7eri\u011fe odaklanm\u0131\u015f, net, yap\u0131land\u0131r\u0131lm\u0131\u015f ve modern bir ortam sa\u011flamak \u00fczere tasarlanm\u0131\u015ft\u0131r. Ama\u00e7, g\u00fcncel teknolojiyle desteklenen g\u00fcvenilir bilgi, sezgisel gezinme ve g\u00fcvenli bir dijital deneyim sunmakt\u0131r.<\/p>\n<h2>Misyon<\/h2>\n<ul>\n<li>\u015eeffafl\u0131k ve do\u011fruluk<\/li>\n<li>G\u00fcvenli dijital ortam<\/li>\n<li>Mobil uyumlu ve masa\u00fcst\u00fc i\u00e7in optimize edilmi\u015f sistem<\/li>\n<li>Y\u00fcksek kaliteli analitik i\u00e7erik<\/li>\n<li>S\u00fcrekli teknik g\u00fcncellemeler<\/li>\n<\/ul>\n<h2>Sunduklar\u0131m\u0131z<\/h2>\n<ul>\n<li>Kumarhane ile ilgili e\u011fitim ve analitik materyaller<\/li>\n<li>Basit ve sezgisel gezinme<\/li>\n<li>D\u00fczenli olarak g\u00fcncellenen i\u00e7erik<\/li>\n<li>T\u00fcm cihazlar i\u00e7in uyarlanabilir d\u00fczen<\/li>\n<li>Teknik istikrar ve optimize edilmi\u015f i\u015flevsellik<\/li>\n<\/ul>\n<h2>Ekip<\/h2>\n<p> Proje, a\u015fa\u011f\u0131daki alanlarda uzmanla\u015fm\u0131\u015f yetenekli ki\u015filer taraf\u0131ndan y\u00f6netilmektedir:<\/p>\n<ul>\n<li>Siber g\u00fcvenlik<\/li>\n<li>UX\/UI tasar\u0131m\u0131<\/li>\n<li>Sistem m\u00fchendisli\u011fi<\/li>\n<li>Veri analizi<\/li>\n<li>Dijital i\u00e7erik geli\u015ftirme<\/li>\n<\/ul>\n<p> Ekibin odak noktas\u0131 istikrar, do\u011fruluk, netlik ve kullan\u0131c\u0131 konforudur.<\/p>\n","protected":false},"excerpt":{"rendered":"<p>Hakk\u0131m\u0131zda Bu platform, kullan\u0131c\u0131lara kumarhane ile ilgili dijital i\u00e7eri\u011fe odaklanm\u0131\u015f, net, yap\u0131land\u0131r\u0131lm\u0131\u015f ve modern bir ortam sa\u011flamak \u00fczere tasarlanm\u0131\u015ft\u0131r. Ama\u00e7, g\u00fcncel teknolojiyle desteklenen g\u00fcvenilir bilgi, sezgisel gezinme ve g\u00fcvenli bir dijital deneyim sunmakt\u0131r. Misyon \u015eeffafl\u0131k ve do\u011fruluk G\u00fcvenli dijital ortam Mobil uyumlu ve masa\u00fcst\u00fc i\u00e7in optimize edilmi\u015f sistem Y\u00fcksek kaliteli analitik i\u00e7erik S\u00fcrekli teknik g\u00fcncellemeler [&hellip;]<\/p>\n","protected":false},"author":1,"featured_media":0,"parent":0,"menu_order":0,"comment_status":"closed","ping_status":"closed","template":"","meta":{"_acf_changed":false,"footnotes":""},"class_list":["post-2783","page","type-page","status-publish","hentry"],"acf":[],"yoast_head":"<!-- This site is optimized with the Yoast SEO plugin v27.3 - https:\/\/yoast.com\/product\/yoast-seo-wordpress\/ -->\n<title>Hakk\u0131m\u0131zda \u2014 Misyon, De\u011ferler ve Dijital Casino Platformu<\/title>\n<meta name=\"description\" content=\"Bu casino odakl\u0131 dijital platformun misyonu, yap\u0131s\u0131, ekibi, g\u00fcvenlik yakla\u015f\u0131m\u0131 ve geli\u015ftirme stratejisine genel bak\u0131\u015f\" \/>\n<meta name=\"robots\" content=\"index, follow, max-snippet:-1, max-image-preview:large, max-video-preview:-1\" \/>\n<link rel=\"canonical\" href=\"https:\/\/casino-site-amp-141.website\/tr\/hakkimizda\/\" \/>\n<meta property=\"og:locale\" content=\"ru_RU\" \/>\n<meta property=\"og:type\" content=\"article\" \/>\n<meta property=\"og:title\" content=\"Hakk\u0131m\u0131zda \u2014 Misyon, De\u011ferler ve Dijital Casino Platformu\" \/>\n<meta property=\"og:description\" content=\"Bu casino odakl\u0131 dijital platformun misyonu, yap\u0131s\u0131, ekibi, g\u00fcvenlik yakla\u015f\u0131m\u0131 ve geli\u015ftirme stratejisine genel bak\u0131\u015f\" \/>\n<meta property=\"og:url\" content=\"https:\/\/casino-site-amp-141.website\/tr\/hakkimizda\/\" \/>\n<meta property=\"og:site_name\" content=\"casino-site-amp-141.website\" \/>\n<meta name=\"twitter:card\" content=\"summary_large_image\" \/>\n<script type=\"application\/ld+json\" class=\"yoast-schema-graph\">{\"@context\":\"https:\\\/\\\/schema.org\",\"@graph\":[{\"@type\":\"WebPage\",\"@id\":\"https:\\\/\\\/casino-site-amp-141.website\\\/tr\\\/hakkimizda\\\/\",\"url\":\"https:\\\/\\\/casino-site-amp-141.website\\\/tr\\\/hakkimizda\\\/\",\"name\":\"Hakk\u0131m\u0131zda \u2014 Misyon, De\u011ferler ve Dijital Casino Platformu\",\"isPartOf\":{\"@id\":\"https:\\\/\\\/casino-site-amp-141.website\\\/#website\"},\"datePublished\":\"2025-12-19T15:22:26+00:00\",\"description\":\"Bu casino odakl\u0131 dijital platformun misyonu, yap\u0131s\u0131, ekibi, g\u00fcvenlik yakla\u015f\u0131m\u0131 ve geli\u015ftirme stratejisine genel bak\u0131\u015f\",\"breadcrumb\":{\"@id\":\"https:\\\/\\\/casino-site-amp-141.website\\\/tr\\\/hakkimizda\\\/#breadcrumb\"},\"inLanguage\":\"ru-RU\",\"potentialAction\":[{\"@type\":\"ReadAction\",\"target\":[\"https:\\\/\\\/casino-site-amp-141.website\\\/tr\\\/hakkimizda\\\/\"]}]},{\"@type\":\"BreadcrumbList\",\"@id\":\"https:\\\/\\\/casino-site-amp-141.website\\\/tr\\\/hakkimizda\\\/#breadcrumb\",\"itemListElement\":[{\"@type\":\"ListItem\",\"position\":1,\"name\":\"\u0413\u043b\u0430\u0432\u043d\u0430\u044f \u0441\u0442\u0440\u0430\u043d\u0438\u0446\u0430\",\"item\":\"https:\\\/\\\/casino-site-amp-141.website\\\/\"},{\"@type\":\"ListItem\",\"position\":2,\"name\":\"Hakk\u0131m\u0131zda\"}]},{\"@type\":\"WebSite\",\"@id\":\"https:\\\/\\\/casino-site-amp-141.website\\\/#website\",\"url\":\"https:\\\/\\\/casino-site-amp-141.website\\\/\",\"name\":\"casino-site-amp-141.website\",\"description\":\"\",\"potentialAction\":[{\"@type\":\"SearchAction\",\"target\":{\"@type\":\"EntryPoint\",\"urlTemplate\":\"https:\\\/\\\/casino-site-amp-141.website\\\/?s={search_term_string}\"},\"query-input\":{\"@type\":\"PropertyValueSpecification\",\"valueRequired\":true,\"valueName\":\"search_term_string\"}}],\"inLanguage\":\"ru-RU\"}]}<\/script>\n<!-- \/ Yoast SEO plugin. -->","yoast_head_json":{"title":"Hakk\u0131m\u0131zda \u2014 Misyon, De\u011ferler ve Dijital Casino Platformu","description":"Bu casino odakl\u0131 dijital platformun misyonu, yap\u0131s\u0131, ekibi, g\u00fcvenlik yakla\u015f\u0131m\u0131 ve geli\u015ftirme stratejisine genel bak\u0131\u015f","robots":{"index":"index","follow":"follow","max-snippet":"max-snippet:-1","max-image-preview":"max-image-preview:large","max-video-preview":"max-video-preview:-1"},"canonical":"https:\/\/casino-site-amp-141.website\/tr\/hakkimizda\/","og_locale":"ru_RU","og_type":"article","og_title":"Hakk\u0131m\u0131zda \u2014 Misyon, De\u011ferler ve Dijital Casino Platformu","og_description":"Bu casino odakl\u0131 dijital platformun misyonu, yap\u0131s\u0131, ekibi, g\u00fcvenlik yakla\u015f\u0131m\u0131 ve geli\u015ftirme stratejisine genel bak\u0131\u015f","og_url":"https:\/\/casino-site-amp-141.website\/tr\/hakkimizda\/","og_site_name":"casino-site-amp-141.website","twitter_card":"summary_large_image","schema":{"@context":"https:\/\/schema.org","@graph":[{"@type":"WebPage","@id":"https:\/\/casino-site-amp-141.website\/tr\/hakkimizda\/","url":"https:\/\/casino-site-amp-141.website\/tr\/hakkimizda\/","name":"Hakk\u0131m\u0131zda \u2014 Misyon, De\u011ferler ve Dijital Casino Platformu","isPartOf":{"@id":"https:\/\/casino-site-amp-141.website\/#website"},"datePublished":"2025-12-19T15:22:26+00:00","description":"Bu casino odakl\u0131 dijital platformun misyonu, yap\u0131s\u0131, ekibi, g\u00fcvenlik yakla\u015f\u0131m\u0131 ve geli\u015ftirme stratejisine genel bak\u0131\u015f","breadcrumb":{"@id":"https:\/\/casino-site-amp-141.website\/tr\/hakkimizda\/#breadcrumb"},"inLanguage":"ru-RU","potentialAction":[{"@type":"ReadAction","target":["https:\/\/casino-site-amp-141.website\/tr\/hakkimizda\/"]}]},{"@type":"BreadcrumbList","@id":"https:\/\/casino-site-amp-141.website\/tr\/hakkimizda\/#breadcrumb","itemListElement":[{"@type":"ListItem","position":1,"name":"\u0413\u043b\u0430\u0432\u043d\u0430\u044f \u0441\u0442\u0440\u0430\u043d\u0438\u0446\u0430","item":"https:\/\/casino-site-amp-141.website\/"},{"@type":"ListItem","position":2,"name":"Hakk\u0131m\u0131zda"}]},{"@type":"WebSite","@id":"https:\/\/casino-site-amp-141.website\/#website","url":"https:\/\/casino-site-amp-141.website\/","name":"casino-site-amp-141.website","description":"","potentialAction":[{"@type":"SearchAction","target":{"@type":"EntryPoint","urlTemplate":"https:\/\/casino-site-amp-141.website\/?s={search_term_string}"},"query-input":{"@type":"PropertyValueSpecification","valueRequired":true,"valueName":"search_term_string"}}],"inLanguage":"ru-RU"}]}},"amp_enabled":true,"_links":{"self":[{"href":"https:\/\/casino-site-amp-141.website\/wp-json\/wp\/v2\/pages\/2783","targetHints":{"allow":["GET"]}}],"collection":[{"href":"https:\/\/casino-site-amp-141.website\/wp-json\/wp\/v2\/pages"}],"about":[{"href":"https:\/\/casino-site-amp-141.website\/wp-json\/wp\/v2\/types\/page"}],"author":[{"embeddable":true,"href":"https:\/\/casino-site-amp-141.website\/wp-json\/wp\/v2\/users\/1"}],"replies":[{"embeddable":true,"href":"https:\/\/casino-site-amp-141.website\/wp-json\/wp\/v2\/comments?post=2783"}],"version-history":[{"count":1,"href":"https:\/\/casino-site-amp-141.website\/wp-json\/wp\/v2\/pages\/2783\/revisions"}],"predecessor-version":[{"id":2784,"href":"https:\/\/casino-site-amp-141.website\/wp-json\/wp\/v2\/pages\/2783\/revisions\/2784"}],"wp:attachment":[{"href":"https:\/\/casino-site-amp-141.website\/wp-json\/wp\/v2\/media?parent=2783"}],"curies":[{"name":"wp","href":"https:\/\/api.w.org\/{rel}","templated":true}]}}